{"id":31636,"date":"2018-09-25T07:31:36","date_gmt":"2018-09-25T07:31:36","guid":{"rendered":"http:\/\/democontent.codex-themes.com\/thegem\/?page_id=31636"},"modified":"2025-02-03T06:48:01","modified_gmt":"2025-02-03T06:48:01","slug":"moottorikekkojen-vuokraus-oulu","status":"publish","type":"page","link":"https:\/\/www.oulunkelkkavuokraus.fi\/","title":{"rendered":"Etusivu"},"content":{"rendered":"<div class=\"wpb-content-wrapper\"><p>[vc_row mobile_margin_left=&#8221;0&#8243; mobile_margin_right=&#8221;0&#8243;][vc_column css=&#8221;.vc_custom_1700597732848{margin-top: 100px !important;}&#8221; mobile_padding_right=&#8221;0&#8243; mobile_margin_right=&#8221;0&#8243; mobile_margin_left=&#8221;-35&#8243;]<div class=\"clearboth\"><\/div><style>#thegem-divider-69f55e0caa8f0 {margin-top: 157px !important;}<\/style><div id=\"thegem-divider-69f55e0caa8f0\" class=\"gem-divider  \" style=\"\" ><\/div>[vc_column_text css=&#8221;.vc_custom_1738053945382{margin-top: -150px !important;margin-left: 25px !important;border-right-width: 0px !important;border-left-width: 0px !important;padding-right: 0px !important;}&#8221; el_class=&#8221;z-index&#8221;]<\/p>\n<h6 style=\"text-align: center;\"><span style=\"color: #ffcc00;\">moottorikelkkavuokraus oulu<\/span><\/h6>\n<div class=\"title-h2\" style=\"text-align: center;\"><span style=\"color: #ffcc00;\">oulun kelkkavuokraus<\/span><\/div>\n<p><!-- Google tag (gtag.js) --><br \/>\n<script async src=\"https:\/\/www.googletagmanager.com\/gtag\/js?id=G-0X59BQVT37\">\n<\/script><br \/>\n<script>\n  window.dataLayer = window.dataLayer || [];\n  function gtag(){dataLayer.push(arguments);}\n  gtag('js', new Date());<\/p>\n<p>  gtag('config', 'G-0X59BQVT37');\n<\/script>[\/vc_column_text][vc_single_image image=&#8221;32264&#8243; img_size=&#8221;3840&#215;2160&#8243; alignment=&#8221;center&#8221; style=&#8221;vc_box_outline&#8221; css=&#8221;.vc_custom_1738054038496{margin-left: 48px !important;padding-right: 0px !important;}&#8221;][\/vc_column][\/vc_row][vc_row][vc_column]<div class=\"clearboth\"><\/div><style>#thegem-divider-69f55e0caa938 {margin-top: 50px !important;}<\/style><div id=\"thegem-divider-69f55e0caa938\" class=\"gem-divider  \" style=\"\" ><\/div>[vc_column_text css=&#8221;&#8221; css_animation=&#8221;left-to-right&#8221;]<\/p>\n<div class=\"title-h2\" style=\"text-align: center;\"><span style=\"color: #ffcc00;\">meilt\u00e4 laadukkaat moottorikelkat vuokralle!<\/span><\/div>\n<p>[\/vc_column_text]<div class=\"clearboth\"><\/div><style>#thegem-divider-69f55e0caa94f {margin-top: 50px !important;}<\/style><div id=\"thegem-divider-69f55e0caa94f\" class=\"gem-divider  \" style=\"\" ><\/div>[\/vc_column][\/vc_row][vc_row][vc_column][vc_column_text css=&#8221;&#8221; css_animation=&#8221;left-to-right&#8221;]<\/p>\n<div class=\"styled-subtitle\" style=\"text-align: center;\"><span style=\"color: #ffcc00;\">Olemme Oulussa toimiva moottorikelkkavuokraamo, josta saat vuokralle moottorikelkat niin p\u00e4iv\u00e4ksi kuin useamman p\u00e4iv\u00e4n reissulle. Kysy rohkeasti juuri sinun tarpeisiisi sopiva paketti!<\/span><\/div>\n<p>[\/vc_column_text][\/vc_column][\/vc_row][vc_row][vc_column][\/vc_column][\/vc_row][vc_row][vc_column][\/vc_column][\/vc_row][vc_row][vc_column][\/vc_column][\/vc_row][vc_row][vc_column][\/vc_column][\/vc_row]<\/p>\n<\/div>","protected":false},"excerpt":{"rendered":"<p>[vc_row mobile_margin_left=&#8221;0&#8243; mobile_margin_right=&#8221;0&#8243;][vc_column css=&#8221;.vc_custom_1700597732848{margin-top: 100px !important;}&#8221; mobile_padding_right=&#8221;0&#8243; mobile_margin_right=&#8221;0&#8243; mobile_margin_left=&#8221;-35&#8243;][vc_column_text css=&#8221;.vc_custom_1738053945382{margin-top: -150px !important;margin-left: 25px !important;border-right-width: 0px !important;border-left-width: 0px !important;padding-right: 0px !important;}&#8221;&#8230;<\/p>\n","protected":false},"author":1,"featured_media":0,"parent":0,"menu_order":0,"comment_status":"closed","ping_status":"closed","template":"","meta":{"footnotes":""},"class_list":["post-31636","page","type-page","status-publish"],"_links":{"self":[{"href":"https:\/\/www.oulunkelkkavuokraus.fi\/index.php\/wp-json\/wp\/v2\/pages\/31636","targetHints":{"allow":["GET"]}}],"collection":[{"href":"https:\/\/www.oulunkelkkavuokraus.fi\/index.php\/wp-json\/wp\/v2\/pages"}],"about":[{"href":"https:\/\/www.oulunkelkkavuokraus.fi\/index.php\/wp-json\/wp\/v2\/types\/page"}],"author":[{"embeddable":true,"href":"https:\/\/www.oulunkelkkavuokraus.fi\/index.php\/wp-json\/wp\/v2\/users\/1"}],"replies":[{"embeddable":true,"href":"https:\/\/www.oulunkelkkavuokraus.fi\/index.php\/wp-json\/wp\/v2\/comments?post=31636"}],"version-history":[{"count":137,"href":"https:\/\/www.oulunkelkkavuokraus.fi\/index.php\/wp-json\/wp\/v2\/pages\/31636\/revisions"}],"predecessor-version":[{"id":32317,"href":"https:\/\/www.oulunkelkkavuokraus.fi\/index.php\/wp-json\/wp\/v2\/pages\/31636\/revisions\/32317"}],"wp:attachment":[{"href":"https:\/\/www.oulunkelkkavuokraus.fi\/index.php\/wp-json\/wp\/v2\/media?parent=31636"}],"curies":[{"name":"wp","href":"https:\/\/api.w.org\/{rel}","templated":true}]}}